{"id":3424,"date":"2022-08-08T14:50:36","date_gmt":"2022-08-08T14:50:36","guid":{"rendered":"https:\/\/mfccc.org\/pwogram-kominote\/"},"modified":"2025-06-25T14:07:21","modified_gmt":"2025-06-25T14:07:21","slug":"pwogram-kominote","status":"publish","type":"page","link":"https:\/\/mfccc.org\/hc\/pwogram-kominote\/","title":{"rendered":"PWOGRAM KOMINOTE"},"content":{"rendered":"","protected":false},"excerpt":{"rendered":"","protected":false},"author":2,"featured_media":0,"parent":0,"menu_order":0,"comment_status":"closed","ping_status":"closed","template":"custom-pages.php","meta":{"_acf_changed":false,"footnotes":""},"class_list":["post-3424","page","type-page","status-publish","hentry"],"acf":[],"yoast_head":"<!-- This site is optimized with the Yoast SEO plugin v23.0 - https:\/\/yoast.com\/wordpress\/plugins\/seo\/ -->\n<title>Pwogram Kominot\u00e8 pou Fanmi | Mid-Fairfield<\/title>\n<meta name=\"description\" content=\"Kay, kominote, s\u00e8vis klinik ak s\u00e8vis ki pa klinik ak pwogram konsiltasyon sante mantal pou timoun, adolesan, ak fanmi nan Fairfield County.\" \/>\n<meta name=\"robots\" content=\"index, follow, max-snippet:-1, max-image-preview:large, max-video-preview:-1\" \/>\n<link rel=\"canonical\" href=\"https:\/\/mfccc.org\/hc\/pwogram-kominote\/\" \/>\n<meta property=\"og:locale\" content=\"fr_FR\" \/>\n<meta property=\"og:type\" content=\"article\" \/>\n<meta property=\"og:title\" content=\"Pwogram Kominot\u00e8 pou Fanmi | Mid-Fairfield\" \/>\n<meta property=\"og:description\" content=\"Kay, kominote, s\u00e8vis klinik ak s\u00e8vis ki pa klinik ak pwogram konsiltasyon sante mantal pou timoun, adolesan, ak fanmi nan Fairfield County.\" \/>\n<meta property=\"og:url\" content=\"https:\/\/mfccc.org\/hc\/pwogram-kominote\/\" \/>\n<meta property=\"og:site_name\" content=\"Mid-Fairfield Community Care Center\" \/>\n<meta property=\"article:modified_time\" content=\"2025-06-25T14:07:21+00:00\" \/>\n<meta name=\"twitter:card\" content=\"summary_large_image\" \/>\n<script type=\"application\/ld+json\" class=\"yoast-schema-graph\">{\"@context\":\"https:\/\/schema.org\",\"@graph\":[{\"@type\":\"WebPage\",\"@id\":\"https:\/\/mfccc.org\/hc\/pwogram-kominote\/\",\"url\":\"https:\/\/mfccc.org\/hc\/pwogram-kominote\/\",\"name\":\"Pwogram Kominot\u00e8 pou Fanmi | Mid-Fairfield\",\"isPartOf\":{\"@id\":\"https:\/\/mfccc.org\/hc\/#website\"},\"datePublished\":\"2022-08-08T14:50:36+00:00\",\"dateModified\":\"2025-06-25T14:07:21+00:00\",\"description\":\"Kay, kominote, s\u00e8vis klinik ak s\u00e8vis ki pa klinik ak pwogram konsiltasyon sante mantal pou timoun, adolesan, ak fanmi nan Fairfield County.\",\"breadcrumb\":{\"@id\":\"https:\/\/mfccc.org\/hc\/pwogram-kominote\/#breadcrumb\"},\"inLanguage\":\"fr-HC\",\"potentialAction\":[{\"@type\":\"ReadAction\",\"target\":[\"https:\/\/mfccc.org\/hc\/pwogram-kominote\/\"]}]},{\"@type\":\"BreadcrumbList\",\"@id\":\"https:\/\/mfccc.org\/hc\/pwogram-kominote\/#breadcrumb\",\"itemListElement\":[{\"@type\":\"ListItem\",\"position\":1,\"name\":\"Home\",\"item\":\"https:\/\/mfccc.org\/hc\/\"},{\"@type\":\"ListItem\",\"position\":2,\"name\":\"PWOGRAM KOMINOTE\"}]},{\"@type\":\"WebSite\",\"@id\":\"https:\/\/mfccc.org\/hc\/#website\",\"url\":\"https:\/\/mfccc.org\/hc\/\",\"name\":\"Mid-Fairfield Community Care Center\",\"description\":\"A Clifford Beers Community Health Partner\",\"publisher\":{\"@id\":\"https:\/\/mfccc.org\/hc\/#organization\"},\"potentialAction\":[{\"@type\":\"SearchAction\",\"target\":{\"@type\":\"EntryPoint\",\"urlTemplate\":\"https:\/\/mfccc.org\/hc\/?s={search_term_string}\"},\"query-input\":\"required name=search_term_string\"}],\"inLanguage\":\"fr-HC\"},{\"@type\":\"Organization\",\"@id\":\"https:\/\/mfccc.org\/hc\/#organization\",\"name\":\"Mid-Fairfield Community Care Center\",\"url\":\"https:\/\/mfccc.org\/hc\/\",\"logo\":{\"@type\":\"ImageObject\",\"inLanguage\":\"fr-HC\",\"@id\":\"https:\/\/mfccc.org\/hc\/#\/schema\/logo\/image\/\",\"url\":\"https:\/\/mfccc.org\/wp-content\/uploads\/sites\/2\/2023\/12\/cropped-MFCCC_LogoHorizontal.png\",\"contentUrl\":\"https:\/\/mfccc.org\/wp-content\/uploads\/sites\/2\/2023\/12\/cropped-MFCCC_LogoHorizontal.png\",\"width\":1063,\"height\":317,\"caption\":\"Mid-Fairfield Community Care Center\"},\"image\":{\"@id\":\"https:\/\/mfccc.org\/hc\/#\/schema\/logo\/image\/\"}}]}<\/script>\n<!-- \/ Yoast SEO plugin. -->","yoast_head_json":{"title":"Pwogram Kominot\u00e8 pou Fanmi | Mid-Fairfield","description":"Kay, kominote, s\u00e8vis klinik ak s\u00e8vis ki pa klinik ak pwogram konsiltasyon sante mantal pou timoun, adolesan, ak fanmi nan Fairfield County.","robots":{"index":"index","follow":"follow","max-snippet":"max-snippet:-1","max-image-preview":"max-image-preview:large","max-video-preview":"max-video-preview:-1"},"canonical":"https:\/\/mfccc.org\/hc\/pwogram-kominote\/","og_locale":"fr_FR","og_type":"article","og_title":"Pwogram Kominot\u00e8 pou Fanmi | Mid-Fairfield","og_description":"Kay, kominote, s\u00e8vis klinik ak s\u00e8vis ki pa klinik ak pwogram konsiltasyon sante mantal pou timoun, adolesan, ak fanmi nan Fairfield County.","og_url":"https:\/\/mfccc.org\/hc\/pwogram-kominote\/","og_site_name":"Mid-Fairfield Community Care Center","article_modified_time":"2025-06-25T14:07:21+00:00","twitter_card":"summary_large_image","schema":{"@context":"https:\/\/schema.org","@graph":[{"@type":"WebPage","@id":"https:\/\/mfccc.org\/hc\/pwogram-kominote\/","url":"https:\/\/mfccc.org\/hc\/pwogram-kominote\/","name":"Pwogram Kominot\u00e8 pou Fanmi | Mid-Fairfield","isPartOf":{"@id":"https:\/\/mfccc.org\/hc\/#website"},"datePublished":"2022-08-08T14:50:36+00:00","dateModified":"2025-06-25T14:07:21+00:00","description":"Kay, kominote, s\u00e8vis klinik ak s\u00e8vis ki pa klinik ak pwogram konsiltasyon sante mantal pou timoun, adolesan, ak fanmi nan Fairfield County.","breadcrumb":{"@id":"https:\/\/mfccc.org\/hc\/pwogram-kominote\/#breadcrumb"},"inLanguage":"fr-HC","potentialAction":[{"@type":"ReadAction","target":["https:\/\/mfccc.org\/hc\/pwogram-kominote\/"]}]},{"@type":"BreadcrumbList","@id":"https:\/\/mfccc.org\/hc\/pwogram-kominote\/#breadcrumb","itemListElement":[{"@type":"ListItem","position":1,"name":"Home","item":"https:\/\/mfccc.org\/hc\/"},{"@type":"ListItem","position":2,"name":"PWOGRAM KOMINOTE"}]},{"@type":"WebSite","@id":"https:\/\/mfccc.org\/hc\/#website","url":"https:\/\/mfccc.org\/hc\/","name":"Mid-Fairfield Community Care Center","description":"A Clifford Beers Community Health Partner","publisher":{"@id":"https:\/\/mfccc.org\/hc\/#organization"},"potentialAction":[{"@type":"SearchAction","target":{"@type":"EntryPoint","urlTemplate":"https:\/\/mfccc.org\/hc\/?s={search_term_string}"},"query-input":"required name=search_term_string"}],"inLanguage":"fr-HC"},{"@type":"Organization","@id":"https:\/\/mfccc.org\/hc\/#organization","name":"Mid-Fairfield Community Care Center","url":"https:\/\/mfccc.org\/hc\/","logo":{"@type":"ImageObject","inLanguage":"fr-HC","@id":"https:\/\/mfccc.org\/hc\/#\/schema\/logo\/image\/","url":"https:\/\/mfccc.org\/wp-content\/uploads\/sites\/2\/2023\/12\/cropped-MFCCC_LogoHorizontal.png","contentUrl":"https:\/\/mfccc.org\/wp-content\/uploads\/sites\/2\/2023\/12\/cropped-MFCCC_LogoHorizontal.png","width":1063,"height":317,"caption":"Mid-Fairfield Community Care Center"},"image":{"@id":"https:\/\/mfccc.org\/hc\/#\/schema\/logo\/image\/"}}]}},"_links":{"self":[{"href":"https:\/\/mfccc.org\/hc\/wp-json\/wp\/v2\/pages\/3424","targetHints":{"allow":["GET"]}}],"collection":[{"href":"https:\/\/mfccc.org\/hc\/wp-json\/wp\/v2\/pages"}],"about":[{"href":"https:\/\/mfccc.org\/hc\/wp-json\/wp\/v2\/types\/page"}],"author":[{"embeddable":true,"href":"https:\/\/mfccc.org\/hc\/wp-json\/wp\/v2\/users\/2"}],"replies":[{"embeddable":true,"href":"https:\/\/mfccc.org\/hc\/wp-json\/wp\/v2\/comments?post=3424"}],"version-history":[{"count":0,"href":"https:\/\/mfccc.org\/hc\/wp-json\/wp\/v2\/pages\/3424\/revisions"}],"wp:attachment":[{"href":"https:\/\/mfccc.org\/hc\/wp-json\/wp\/v2\/media?parent=3424"}],"curies":[{"name":"wp","href":"https:\/\/api.w.org\/{rel}","templated":true}]}}