{"id":1194,"date":"2021-12-07T22:28:15","date_gmt":"2021-12-07T22:28:15","guid":{"rendered":"http:\/\/mfccc.org\/casa\/"},"modified":"2026-02-03T05:04:42","modified_gmt":"2026-02-03T05:04:42","slug":"home-2","status":"publish","type":"page","link":"https:\/\/mfccc.org\/es\/","title":{"rendered":"Casa"},"content":{"rendered":"\n<p>PRUEBA<\/p>\n\n<p><\/p>\n","protected":false},"excerpt":{"rendered":"<p>PRUEBA<\/p>\n","protected":false},"author":1,"featured_media":0,"parent":0,"menu_order":0,"comment_status":"closed","ping_status":"closed","template":"custom-pages.php","meta":{"_acf_changed":false,"footnotes":""},"class_list":["post-1194","page","type-page","status-publish","hentry"],"acf":[],"yoast_head":"<!-- This site is optimized with the Yoast SEO plugin v23.0 - https:\/\/yoast.com\/wordpress\/plugins\/seo\/ -->\n<title>Centro de atenci\u00f3n comunitaria de Mid-Fairfield | Servicios de salud mental<\/title>\n<meta name=\"description\" content=\"Nuestra misi\u00f3n es garantizar el acceso equitativo a los servicios de salud mental y apoyo comunitario para ni\u00f1os y familias en el condado de Fairfield en Connecticut.\" \/>\n<meta name=\"robots\" content=\"index, follow, max-snippet:-1, max-image-preview:large, max-video-preview:-1\" \/>\n<link rel=\"canonical\" href=\"https:\/\/mfccc.org\/es\/\" \/>\n<meta property=\"og:locale\" content=\"es_ES\" \/>\n<meta property=\"og:type\" content=\"article\" \/>\n<meta property=\"og:title\" content=\"Centro de atenci\u00f3n comunitaria de Mid-Fairfield | Servicios de salud mental\" \/>\n<meta property=\"og:description\" content=\"Nuestra misi\u00f3n es garantizar el acceso equitativo a los servicios de salud mental y apoyo comunitario para ni\u00f1os y familias en el condado de Fairfield en Connecticut.\" \/>\n<meta property=\"og:url\" content=\"https:\/\/mfccc.org\/es\/\" \/>\n<meta property=\"og:site_name\" content=\"Mid-Fairfield Community Care Center\" \/>\n<meta property=\"article:modified_time\" content=\"2026-02-03T05:04:42+00:00\" \/>\n<meta name=\"twitter:card\" content=\"summary_large_image\" \/>\n<script type=\"application\/ld+json\" class=\"yoast-schema-graph\">{\"@context\":\"https:\/\/schema.org\",\"@graph\":[{\"@type\":\"WebPage\",\"@id\":\"https:\/\/mfccc.org\/es\/\",\"url\":\"https:\/\/mfccc.org\/es\/\",\"name\":\"Centro de atenci\u00f3n comunitaria de Mid-Fairfield | Servicios de salud mental\",\"isPartOf\":{\"@id\":\"https:\/\/mfccc.org\/es\/#website\"},\"datePublished\":\"2021-12-07T22:28:15+00:00\",\"dateModified\":\"2026-02-03T05:04:42+00:00\",\"description\":\"Nuestra misi\u00f3n es garantizar el acceso equitativo a los servicios de salud mental y apoyo comunitario para ni\u00f1os y familias en el condado de Fairfield en Connecticut.\",\"breadcrumb\":{\"@id\":\"https:\/\/mfccc.org\/es\/#breadcrumb\"},\"inLanguage\":\"es\",\"potentialAction\":[{\"@type\":\"ReadAction\",\"target\":[\"https:\/\/mfccc.org\/es\/\"]}]},{\"@type\":\"BreadcrumbList\",\"@id\":\"https:\/\/mfccc.org\/es\/#breadcrumb\",\"itemListElement\":[{\"@type\":\"ListItem\",\"position\":1,\"name\":\"Home\",\"item\":\"https:\/\/mfccc.org\/es\/\"},{\"@type\":\"ListItem\",\"position\":2,\"name\":\"Casa\"}]},{\"@type\":\"WebSite\",\"@id\":\"https:\/\/mfccc.org\/es\/#website\",\"url\":\"https:\/\/mfccc.org\/es\/\",\"name\":\"Mid-Fairfield Community Care Center\",\"description\":\"A Clifford Beers Community Health Partner\",\"publisher\":{\"@id\":\"https:\/\/mfccc.org\/es\/#organization\"},\"potentialAction\":[{\"@type\":\"SearchAction\",\"target\":{\"@type\":\"EntryPoint\",\"urlTemplate\":\"https:\/\/mfccc.org\/es\/?s={search_term_string}\"},\"query-input\":\"required name=search_term_string\"}],\"inLanguage\":\"es\"},{\"@type\":\"Organization\",\"@id\":\"https:\/\/mfccc.org\/es\/#organization\",\"name\":\"Mid-Fairfield Community Care Center\",\"url\":\"https:\/\/mfccc.org\/es\/\",\"logo\":{\"@type\":\"ImageObject\",\"inLanguage\":\"es\",\"@id\":\"https:\/\/mfccc.org\/es\/#\/schema\/logo\/image\/\",\"url\":\"https:\/\/mfccc.org\/wp-content\/uploads\/sites\/2\/2023\/12\/cropped-MFCCC_LogoHorizontal.png\",\"contentUrl\":\"https:\/\/mfccc.org\/wp-content\/uploads\/sites\/2\/2023\/12\/cropped-MFCCC_LogoHorizontal.png\",\"width\":1063,\"height\":317,\"caption\":\"Mid-Fairfield Community Care Center\"},\"image\":{\"@id\":\"https:\/\/mfccc.org\/es\/#\/schema\/logo\/image\/\"}}]}<\/script>\n<!-- \/ Yoast SEO plugin. -->","yoast_head_json":{"title":"Centro de atenci\u00f3n comunitaria de Mid-Fairfield | Servicios de salud mental","description":"Nuestra misi\u00f3n es garantizar el acceso equitativo a los servicios de salud mental y apoyo comunitario para ni\u00f1os y familias en el condado de Fairfield en Connecticut.","robots":{"index":"index","follow":"follow","max-snippet":"max-snippet:-1","max-image-preview":"max-image-preview:large","max-video-preview":"max-video-preview:-1"},"canonical":"https:\/\/mfccc.org\/es\/","og_locale":"es_ES","og_type":"article","og_title":"Centro de atenci\u00f3n comunitaria de Mid-Fairfield | Servicios de salud mental","og_description":"Nuestra misi\u00f3n es garantizar el acceso equitativo a los servicios de salud mental y apoyo comunitario para ni\u00f1os y familias en el condado de Fairfield en Connecticut.","og_url":"https:\/\/mfccc.org\/es\/","og_site_name":"Mid-Fairfield Community Care Center","article_modified_time":"2026-02-03T05:04:42+00:00","twitter_card":"summary_large_image","schema":{"@context":"https:\/\/schema.org","@graph":[{"@type":"WebPage","@id":"https:\/\/mfccc.org\/es\/","url":"https:\/\/mfccc.org\/es\/","name":"Centro de atenci\u00f3n comunitaria de Mid-Fairfield | Servicios de salud mental","isPartOf":{"@id":"https:\/\/mfccc.org\/es\/#website"},"datePublished":"2021-12-07T22:28:15+00:00","dateModified":"2026-02-03T05:04:42+00:00","description":"Nuestra misi\u00f3n es garantizar el acceso equitativo a los servicios de salud mental y apoyo comunitario para ni\u00f1os y familias en el condado de Fairfield en Connecticut.","breadcrumb":{"@id":"https:\/\/mfccc.org\/es\/#breadcrumb"},"inLanguage":"es","potentialAction":[{"@type":"ReadAction","target":["https:\/\/mfccc.org\/es\/"]}]},{"@type":"BreadcrumbList","@id":"https:\/\/mfccc.org\/es\/#breadcrumb","itemListElement":[{"@type":"ListItem","position":1,"name":"Home","item":"https:\/\/mfccc.org\/es\/"},{"@type":"ListItem","position":2,"name":"Casa"}]},{"@type":"WebSite","@id":"https:\/\/mfccc.org\/es\/#website","url":"https:\/\/mfccc.org\/es\/","name":"Mid-Fairfield Community Care Center","description":"A Clifford Beers Community Health Partner","publisher":{"@id":"https:\/\/mfccc.org\/es\/#organization"},"potentialAction":[{"@type":"SearchAction","target":{"@type":"EntryPoint","urlTemplate":"https:\/\/mfccc.org\/es\/?s={search_term_string}"},"query-input":"required name=search_term_string"}],"inLanguage":"es"},{"@type":"Organization","@id":"https:\/\/mfccc.org\/es\/#organization","name":"Mid-Fairfield Community Care Center","url":"https:\/\/mfccc.org\/es\/","logo":{"@type":"ImageObject","inLanguage":"es","@id":"https:\/\/mfccc.org\/es\/#\/schema\/logo\/image\/","url":"https:\/\/mfccc.org\/wp-content\/uploads\/sites\/2\/2023\/12\/cropped-MFCCC_LogoHorizontal.png","contentUrl":"https:\/\/mfccc.org\/wp-content\/uploads\/sites\/2\/2023\/12\/cropped-MFCCC_LogoHorizontal.png","width":1063,"height":317,"caption":"Mid-Fairfield Community Care Center"},"image":{"@id":"https:\/\/mfccc.org\/es\/#\/schema\/logo\/image\/"}}]}},"_links":{"self":[{"href":"https:\/\/mfccc.org\/es\/wp-json\/wp\/v2\/pages\/1194","targetHints":{"allow":["GET"]}}],"collection":[{"href":"https:\/\/mfccc.org\/es\/wp-json\/wp\/v2\/pages"}],"about":[{"href":"https:\/\/mfccc.org\/es\/wp-json\/wp\/v2\/types\/page"}],"author":[{"embeddable":true,"href":"https:\/\/mfccc.org\/es\/wp-json\/wp\/v2\/users\/1"}],"replies":[{"embeddable":true,"href":"https:\/\/mfccc.org\/es\/wp-json\/wp\/v2\/comments?post=1194"}],"version-history":[{"count":0,"href":"https:\/\/mfccc.org\/es\/wp-json\/wp\/v2\/pages\/1194\/revisions"}],"wp:attachment":[{"href":"https:\/\/mfccc.org\/es\/wp-json\/wp\/v2\/media?parent=1194"}],"curies":[{"name":"wp","href":"https:\/\/api.w.org\/{rel}","templated":true}]}}