{"id":1150,"date":"2022-02-04T20:14:45","date_gmt":"2022-02-04T20:14:45","guid":{"rendered":"http:\/\/mfccc.org\/programas-basados-en-la-comunidad\/"},"modified":"2025-06-25T14:08:31","modified_gmt":"2025-06-25T14:08:31","slug":"programas-basados-en-la-comunidad","status":"publish","type":"page","link":"https:\/\/mfccc.org\/es\/programas-basados-en-la-comunidad\/","title":{"rendered":"PROGRAMAS BASADOS EN LA COMUNIDAD"},"content":{"rendered":"","protected":false},"excerpt":{"rendered":"","protected":false},"author":2,"featured_media":0,"parent":0,"menu_order":0,"comment_status":"closed","ping_status":"closed","template":"custom-pages.php","meta":{"_acf_changed":false,"footnotes":""},"class_list":["post-1150","page","type-page","status-publish","hentry"],"acf":[],"yoast_head":"<!-- This site is optimized with the Yoast SEO plugin v23.0 - https:\/\/yoast.com\/wordpress\/plugins\/seo\/ -->\n<title>Programas comunitarios para familias | Medio Fairfield<\/title>\n<meta name=\"description\" content=\"Servicios domiciliarios, comunitarios, cl\u00ednicos y no cl\u00ednicos y programas de consulta de salud mental para ni\u00f1os, adolescentes y familias en el condado de Fairfield.\" \/>\n<meta name=\"robots\" content=\"index, follow, max-snippet:-1, max-image-preview:large, max-video-preview:-1\" \/>\n<link rel=\"canonical\" href=\"https:\/\/mfccc.org\/es\/programas-basados-en-la-comunidad\/\" \/>\n<meta property=\"og:locale\" content=\"es_ES\" \/>\n<meta property=\"og:type\" content=\"article\" \/>\n<meta property=\"og:title\" content=\"Programas comunitarios para familias | Medio Fairfield\" \/>\n<meta property=\"og:description\" content=\"Servicios domiciliarios, comunitarios, cl\u00ednicos y no cl\u00ednicos y programas de consulta de salud mental para ni\u00f1os, adolescentes y familias en el condado de Fairfield.\" \/>\n<meta property=\"og:url\" content=\"https:\/\/mfccc.org\/es\/programas-basados-en-la-comunidad\/\" \/>\n<meta property=\"og:site_name\" content=\"Mid-Fairfield Community Care Center\" \/>\n<meta property=\"article:modified_time\" content=\"2025-06-25T14:08:31+00:00\" \/>\n<meta name=\"twitter:card\" content=\"summary_large_image\" \/>\n<script type=\"application\/ld+json\" class=\"yoast-schema-graph\">{\"@context\":\"https:\/\/schema.org\",\"@graph\":[{\"@type\":\"WebPage\",\"@id\":\"https:\/\/mfccc.org\/es\/programas-basados-en-la-comunidad\/\",\"url\":\"https:\/\/mfccc.org\/es\/programas-basados-en-la-comunidad\/\",\"name\":\"Programas comunitarios para familias | Medio Fairfield\",\"isPartOf\":{\"@id\":\"https:\/\/mfccc.org\/es\/#website\"},\"datePublished\":\"2022-02-04T20:14:45+00:00\",\"dateModified\":\"2025-06-25T14:08:31+00:00\",\"description\":\"Servicios domiciliarios, comunitarios, cl\u00ednicos y no cl\u00ednicos y programas de consulta de salud mental para ni\u00f1os, adolescentes y familias en el condado de Fairfield.\",\"breadcrumb\":{\"@id\":\"https:\/\/mfccc.org\/es\/programas-basados-en-la-comunidad\/#breadcrumb\"},\"inLanguage\":\"es\",\"potentialAction\":[{\"@type\":\"ReadAction\",\"target\":[\"https:\/\/mfccc.org\/es\/programas-basados-en-la-comunidad\/\"]}]},{\"@type\":\"BreadcrumbList\",\"@id\":\"https:\/\/mfccc.org\/es\/programas-basados-en-la-comunidad\/#breadcrumb\",\"itemListElement\":[{\"@type\":\"ListItem\",\"position\":1,\"name\":\"Home\",\"item\":\"https:\/\/mfccc.org\/es\/\"},{\"@type\":\"ListItem\",\"position\":2,\"name\":\"PROGRAMAS BASADOS EN LA COMUNIDAD\"}]},{\"@type\":\"WebSite\",\"@id\":\"https:\/\/mfccc.org\/es\/#website\",\"url\":\"https:\/\/mfccc.org\/es\/\",\"name\":\"Mid-Fairfield Community Care Center\",\"description\":\"A Clifford Beers Community Health Partner\",\"publisher\":{\"@id\":\"https:\/\/mfccc.org\/es\/#organization\"},\"potentialAction\":[{\"@type\":\"SearchAction\",\"target\":{\"@type\":\"EntryPoint\",\"urlTemplate\":\"https:\/\/mfccc.org\/es\/?s={search_term_string}\"},\"query-input\":\"required name=search_term_string\"}],\"inLanguage\":\"es\"},{\"@type\":\"Organization\",\"@id\":\"https:\/\/mfccc.org\/es\/#organization\",\"name\":\"Mid-Fairfield Community Care Center\",\"url\":\"https:\/\/mfccc.org\/es\/\",\"logo\":{\"@type\":\"ImageObject\",\"inLanguage\":\"es\",\"@id\":\"https:\/\/mfccc.org\/es\/#\/schema\/logo\/image\/\",\"url\":\"https:\/\/mfccc.org\/wp-content\/uploads\/sites\/2\/2023\/12\/cropped-MFCCC_LogoHorizontal.png\",\"contentUrl\":\"https:\/\/mfccc.org\/wp-content\/uploads\/sites\/2\/2023\/12\/cropped-MFCCC_LogoHorizontal.png\",\"width\":1063,\"height\":317,\"caption\":\"Mid-Fairfield Community Care Center\"},\"image\":{\"@id\":\"https:\/\/mfccc.org\/es\/#\/schema\/logo\/image\/\"}}]}<\/script>\n<!-- \/ Yoast SEO plugin. -->","yoast_head_json":{"title":"Programas comunitarios para familias | Medio Fairfield","description":"Servicios domiciliarios, comunitarios, cl\u00ednicos y no cl\u00ednicos y programas de consulta de salud mental para ni\u00f1os, adolescentes y familias en el condado de Fairfield.","robots":{"index":"index","follow":"follow","max-snippet":"max-snippet:-1","max-image-preview":"max-image-preview:large","max-video-preview":"max-video-preview:-1"},"canonical":"https:\/\/mfccc.org\/es\/programas-basados-en-la-comunidad\/","og_locale":"es_ES","og_type":"article","og_title":"Programas comunitarios para familias | Medio Fairfield","og_description":"Servicios domiciliarios, comunitarios, cl\u00ednicos y no cl\u00ednicos y programas de consulta de salud mental para ni\u00f1os, adolescentes y familias en el condado de Fairfield.","og_url":"https:\/\/mfccc.org\/es\/programas-basados-en-la-comunidad\/","og_site_name":"Mid-Fairfield Community Care Center","article_modified_time":"2025-06-25T14:08:31+00:00","twitter_card":"summary_large_image","schema":{"@context":"https:\/\/schema.org","@graph":[{"@type":"WebPage","@id":"https:\/\/mfccc.org\/es\/programas-basados-en-la-comunidad\/","url":"https:\/\/mfccc.org\/es\/programas-basados-en-la-comunidad\/","name":"Programas comunitarios para familias | Medio Fairfield","isPartOf":{"@id":"https:\/\/mfccc.org\/es\/#website"},"datePublished":"2022-02-04T20:14:45+00:00","dateModified":"2025-06-25T14:08:31+00:00","description":"Servicios domiciliarios, comunitarios, cl\u00ednicos y no cl\u00ednicos y programas de consulta de salud mental para ni\u00f1os, adolescentes y familias en el condado de Fairfield.","breadcrumb":{"@id":"https:\/\/mfccc.org\/es\/programas-basados-en-la-comunidad\/#breadcrumb"},"inLanguage":"es","potentialAction":[{"@type":"ReadAction","target":["https:\/\/mfccc.org\/es\/programas-basados-en-la-comunidad\/"]}]},{"@type":"BreadcrumbList","@id":"https:\/\/mfccc.org\/es\/programas-basados-en-la-comunidad\/#breadcrumb","itemListElement":[{"@type":"ListItem","position":1,"name":"Home","item":"https:\/\/mfccc.org\/es\/"},{"@type":"ListItem","position":2,"name":"PROGRAMAS BASADOS EN LA COMUNIDAD"}]},{"@type":"WebSite","@id":"https:\/\/mfccc.org\/es\/#website","url":"https:\/\/mfccc.org\/es\/","name":"Mid-Fairfield Community Care Center","description":"A Clifford Beers Community Health Partner","publisher":{"@id":"https:\/\/mfccc.org\/es\/#organization"},"potentialAction":[{"@type":"SearchAction","target":{"@type":"EntryPoint","urlTemplate":"https:\/\/mfccc.org\/es\/?s={search_term_string}"},"query-input":"required name=search_term_string"}],"inLanguage":"es"},{"@type":"Organization","@id":"https:\/\/mfccc.org\/es\/#organization","name":"Mid-Fairfield Community Care Center","url":"https:\/\/mfccc.org\/es\/","logo":{"@type":"ImageObject","inLanguage":"es","@id":"https:\/\/mfccc.org\/es\/#\/schema\/logo\/image\/","url":"https:\/\/mfccc.org\/wp-content\/uploads\/sites\/2\/2023\/12\/cropped-MFCCC_LogoHorizontal.png","contentUrl":"https:\/\/mfccc.org\/wp-content\/uploads\/sites\/2\/2023\/12\/cropped-MFCCC_LogoHorizontal.png","width":1063,"height":317,"caption":"Mid-Fairfield Community Care Center"},"image":{"@id":"https:\/\/mfccc.org\/es\/#\/schema\/logo\/image\/"}}]}},"_links":{"self":[{"href":"https:\/\/mfccc.org\/es\/wp-json\/wp\/v2\/pages\/1150","targetHints":{"allow":["GET"]}}],"collection":[{"href":"https:\/\/mfccc.org\/es\/wp-json\/wp\/v2\/pages"}],"about":[{"href":"https:\/\/mfccc.org\/es\/wp-json\/wp\/v2\/types\/page"}],"author":[{"embeddable":true,"href":"https:\/\/mfccc.org\/es\/wp-json\/wp\/v2\/users\/2"}],"replies":[{"embeddable":true,"href":"https:\/\/mfccc.org\/es\/wp-json\/wp\/v2\/comments?post=1150"}],"version-history":[{"count":0,"href":"https:\/\/mfccc.org\/es\/wp-json\/wp\/v2\/pages\/1150\/revisions"}],"wp:attachment":[{"href":"https:\/\/mfccc.org\/es\/wp-json\/wp\/v2\/media?parent=1150"}],"curies":[{"name":"wp","href":"https:\/\/api.w.org\/{rel}","templated":true}]}}